{"id":476,"date":"2024-03-19T13:54:03","date_gmt":"2024-03-19T13:54:03","guid":{"rendered":"https:\/\/pnevent.de\/?page_id=476"},"modified":"2024-03-19T14:13:17","modified_gmt":"2024-03-19T14:13:17","slug":"unsere-menue-service","status":"publish","type":"page","link":"https:\/\/pnevent.de\/?page_id=476","title":{"rendered":"UNSERE MEN\u00dc SERVICE"},"content":{"rendered":"\n<div class=\"wp-block-columns is-layout-flex wp-container-core-columns-is-layout-1 wp-block-columns-is-layout-flex\">\n<div class=\"wp-block-column is-layout-flow wp-block-column-is-layout-flow\" style=\"flex-basis:100%\">\n<div class=\"wp-block-group\"><div class=\"wp-block-group__inner-container is-layout-constrained wp-block-group-is-layout-constrained\">\n<p><strong>Schnitzel Buffet<\/strong><\/p>\n\n\n\n<p><br>&#8211; Schweineschnitzel paniert<br>&#8211; H\u00e4hnchenschnitzel paniert<br>&#8211; Putenschnitzel natur<br>&#8211; Erbsen und M\u00f6hren<br>&#8211; Broccoli<br>&#8211; Bratkartoffeln<br>&#8211; Kartoffelgratin<br>&#8211; Balkan So\u00dfe<br>&#8211; Championso\u00dfe<br>&#8211; Hollandaise<\/p>\n\n\n\n<div style=\"height:31px\" aria-hidden=\"true\" class=\"wp-block-spacer\"><\/div>\n\n\n\n<p><strong>Schlemmer-Buffet <\/strong> <strong>kalt<\/strong><\/p>\n\n\n\n<p><br>&#8211; Bratenkasseler,Schweinebraten, Lachsschinken, Remoulade<br>&#8211; Rauchlachs, Forellenfilets, Matjesfilets mit\u00a0<img decoding=\"async\" src=\"https:\/\/www.partyservice-puttkammer.de\/images\/stories\/leer-space2.png\" alt=\"\">Zwiebelringen<br><img decoding=\"async\" src=\"https:\/\/www.partyservice-puttkammer.de\/images\/stories\/leer-space2.png\" alt=\"\">Sahnemeerrettich, Senf-Sahne-Sauce<br>&#8211; Pikanter Nudelsalat<br><img decoding=\"async\" src=\"https:\/\/www.partyservice-puttkammer.de\/images\/stories\/leer-space2.jpg\">Internationale K\u00e4sespezialit\u00e4ten mit Fr\u00fcchten garniert<br>&#8211; Brot und Butter<\/p>\n\n\n\n<div style=\"height:41px\" aria-hidden=\"true\" class=\"wp-block-spacer\"><\/div>\n\n\n\n<p><strong>Buffet Klein und Fein<\/strong><\/p>\n\n\n\n<p><br><strong>warm:<\/strong>-Schweinefilet mit Broccoli und K\u00e4se \u00fcberbacken<br><\/p>\n\n\n\n<p><strong>kalt:<\/strong>-Feine Poularde gef\u00fcllt mit Blattspinat<br>-Fischplatte mit R\u00e4ucherlachs, Aal und marinierten Shrimps\u00a0<img decoding=\"async\" src=\"https:\/\/www.partyservice-puttkammer.de\/images\/stories\/leer-space2.png\" alt=\"\"><img decoding=\"async\" src=\"https:\/\/www.partyservice-puttkammer.de\/images\/stories\/leer-space2.png\" alt=\"\">in Gem\u00fcse<br>-K\u00e4seplatte<br>-Brotauswahl und Butter<br>-Quarkspeise mit Beerenauslese<\/p>\n\n\n\n<div style=\"height:35px\" aria-hidden=\"true\" class=\"wp-block-spacer\"><\/div>\n\n\n\n<p><strong>Kalt-warm Buffet Scandia<\/strong><\/p>\n\n\n\n<p><br><strong>warm:<\/strong>Putengeschnetzeltes in Rahm mit Gew\u00fcrzreis<br><\/p>\n\n\n\n<p><strong>kalt:<\/strong>Fischplatte mit R\u00e4ucherlachs und Forellenfilets<br>&#8211; Kleine gef\u00fcllte Pfannkuchen mit Kr\u00e4utercreme und\u00a0<img decoding=\"async\" src=\"https:\/\/www.partyservice-puttkammer.de\/images\/stories\/leer-space2.png\" alt=\"\"><br><img decoding=\"async\" src=\"https:\/\/www.partyservice-puttkammer.de\/images\/stories\/leer-space2.png\" alt=\"\">Lachsstreifen<br>&#8211; Schweiner\u00fccken, Putenbrust<br>&#8211; Thunfischsalat Frischer Salat mit Dressing Fleischsalat<br><img decoding=\"async\" src=\"https:\/\/www.partyservice-puttkammer.de\/images\/stories\/leer-space2.png\" alt=\"\">Spezial<br>&#8211; K\u00e4seauswahl<br>&#8211; Brot und Butter<\/p>\n\n\n\n<div style=\"height:35px\" aria-hidden=\"true\" class=\"wp-block-spacer\"><\/div>\n\n\n\n<p><strong>Fingerfood Luxus Style<\/strong><\/p>\n\n\n\n<p><br>&#8211; Yakitori Spie\u00dfe mit Ananas<br>&#8211; Seranoschinken auf Melone<br>&#8211; Mini Pastete mit R\u00e4ucherlachs und Wasabicreme<br>&#8211; Roastbeef R\u00f6llchen mit Pikanten Gem\u00fcse<br>&#8211; Mini Wraps mit Ruccula , M\u00f6hren und Mais<br>&#8211; H\u00e4hnchenbrust mit Guacamole<br>&#8211; Kartoffelr\u00f6sties mit Garnele<br>&#8211; K\u00e4sespie\u00df mit Weintraube und Feigensenf<br>&#8211; Lachpraline mit frischen Merretich<\/p>\n\n\n\n<div style=\"height:36px\" aria-hidden=\"true\" class=\"wp-block-spacer\"><\/div>\n\n\n\n<p><strong>Fingerfood Hafenkante<\/strong><\/p>\n\n\n\n<p><br>&#8211; Mozzarella-Spie\u00df<br>&#8211; Party-Fricos<br>&#8211; Chicken-Wings<br>&#8211; Fr\u00fchlingsrollen<br>&#8211; Satte Spie\u00dfe<br>&#8211; Pflaumen und Feigen im Speckmantel<br>&#8211; Dipp und So\u00dfen<\/p>\n\n\n\n<div style=\"height:33px\" aria-hidden=\"true\" class=\"wp-block-spacer\"><\/div>\n\n\n\n<p><strong>Fingerfood Buffet<\/strong><\/p>\n\n\n\n<p><br>Mozzarella Sticks, H\u00e4hnchentaccos, Putenfrikadellen<br>1 Canap\u00e9 mit Lachs, 1 Canap\u00e9 mit Schinken-Spargel R\u00f6llchen,<br>Chicken-Wings, gef\u00fcllte Peperoni, Gem\u00fcse Sticks,<br>Asiatische Teigrollen,<br>dazu verschiedene Dipp\u2019s und Saucen.<\/p>\n\n\n\n<div style=\"height:35px\" aria-hidden=\"true\" class=\"wp-block-spacer\"><\/div>\n\n\n\n<p><strong>Fingerfood Elegance<\/strong><\/p>\n\n\n\n<p><br>&#8211; verschiedene Sushi-H\u00e4ppchen<br>&#8211; Ger\u00e4ucherte H\u00e4ppchen von Lachs und Forelle<br>&#8211; Schweinemedaillons mit Aioli<br>&#8211; Eingelegte Garnelen spie\u00dfe<br>&#8211; Party-Fricos mit Salsa<br>&#8211; Kartoffelpl\u00e4tzchen mit Lachshaube und rotem Kaviar<br>&#8211; Gebackenes Gem\u00fcse im Teigmantel<br>&#8211; Cocktail-Sticks mit Shrimps und w\u00fcrziger Green-Curry-<br><img decoding=\"async\" src=\"https:\/\/www.partyservice-puttkammer.de\/images\/stories\/leer-space2.png\" alt=\"\">F\u00fcllung<br>&#8211; Samosa &#8211; gr\u00fcne Teigtaschen gef\u00fcllt mit Thaigem\u00fcse<br>&#8211; Pflaumen und Feigen im Speckmantel<\/p>\n\n\n\n<div style=\"height:36px\" aria-hidden=\"true\" class=\"wp-block-spacer\"><\/div>\n\n\n\n<p><strong>Kalte Buffet Spezial Sonnenberg<\/strong><\/p>\n\n\n\n<p><strong><br><\/strong>&#8211; Frischer R\u00e4ucherlachs mit Sahnemeerrettich<br><img decoding=\"async\" src=\"https:\/\/www.partyservice-puttkammer.de\/images\/stories\/leer-space2.png\" alt=\"\">Forellenfilets mit Preiselbeer-Meerrettich<br><img decoding=\"async\" src=\"https:\/\/www.partyservice-puttkammer.de\/images\/stories\/leer-space2.png\" alt=\"\">Pfeffer-Makrelenfilets<br><img decoding=\"async\" src=\"https:\/\/www.partyservice-puttkammer.de\/images\/stories\/leer-space2.png\" alt=\"\">Garnelen in Knoblauchsauce<br>&#8211; Kasselerr\u00fccken mit Fr\u00fcchten garniert<br><img decoding=\"async\" src=\"https:\/\/www.partyservice-puttkammer.de\/images\/stories\/leer-space2.png\" alt=\"\">Roastbeef mit R\u00f6stzwiebeln<br><img decoding=\"async\" src=\"https:\/\/www.partyservice-puttkammer.de\/images\/stories\/leer-space2.png\" alt=\"\">Remoulade<br>&#8211; Schweiner\u00fccken mit Backpflaumen<br><img decoding=\"async\" src=\"https:\/\/www.partyservice-puttkammer.de\/images\/stories\/leer-space2.png\" alt=\"\">Putenbrust mit frischer Ananas und exotischen Fr\u00fcchten<br>&#8211; K\u00e4seplatte mit verschiedenen Sorten<br>&#8211; Frische Schlemmer-Salate Gefl\u00fcgelsalat, Matjessalat<br>&#8211; Verschiedene Brotsorten Butter<\/p>\n\n\n\n<div style=\"height:36px\" aria-hidden=\"true\" class=\"wp-block-spacer\"><\/div>\n\n\n\n<p><strong>Kalt-warmes Buffet Rustikal<\/strong><\/p>\n\n\n\n<p><br><strong>warm:<\/strong>\u00a0Burgunderschinken in Rahmsauce<br><\/p>\n\n\n\n<p><strong>kalt:<\/strong>\u00a0Spie\u00dfbraten auf Holzbrett<br>&#8211; R\u00e4ucherlachs, Forelle, Pfeffermakrele<br><img decoding=\"async\" src=\"https:\/\/www.partyservice-puttkammer.de\/images\/stories\/leer-space2.png\" alt=\"\">Sahnemeerrettich, Senf-Kr\u00e4uter-Sauce<br>&#8211; Kasselerr\u00fccken mit Trauben<br><img decoding=\"async\" src=\"https:\/\/www.partyservice-puttkammer.de\/images\/stories\/leer-space2.png\" alt=\"\">und anderen Fr\u00fcchten garniert<br>&#8211; Schinken auf Melone, Mettwurst, Pfeffersalami<br>&#8211; K\u00e4seplatte Brot und Butter<br>&#8211; Krautsalat mit Peperoni und Schafsk\u00e4se Matjes-Salat<\/p>\n\n\n\n<div style=\"height:35px\" aria-hidden=\"true\" class=\"wp-block-spacer\"><\/div>\n\n\n\n<p><strong>Kalt-warmes Buffet Schmiedeweg<\/strong><\/p>\n\n\n\n<p><br><strong>warm:<\/strong>\u00a0Pikanter gew\u00fcrzter Schweiner\u00fcckenbraten<br>in Sahnebratensauce<br><br><strong>kalt:\u00a0<\/strong>R\u00e4ucherlachsr\u00f6llchen gef\u00fcllt mit Aprikosenmeerrettich,<br>Graved-Lachs, Forellenfilets ger\u00e4uchert<br><br>&#8211; Kasselerr\u00fccken mit Frischk\u00e4se auf Feigen<br><img decoding=\"async\" src=\"https:\/\/www.partyservice-puttkammer.de\/images\/stories\/leer-space2.png\" alt=\"\">und anderen Garnituren umlegt<br>&#8211; Schweinemedaillons mit marinierten Garnelen,<br><img decoding=\"async\" src=\"https:\/\/www.partyservice-puttkammer.de\/images\/stories\/leer-space2.png\" alt=\"\">exotischen Fr\u00fcchten und Gem\u00fcse<br>&#8211; R\u00fchreier mit Schnittlauch, Oliven und Streifen von rohem\u00a0<img decoding=\"async\" src=\"https:\/\/www.partyservice-puttkammer.de\/images\/stories\/leer-space2.png\" alt=\"\">Schinken<br>&#8211; Griechischer Salat mit Eisberg-Wei\u00dfkraut, Paprika,<br><img decoding=\"async\" src=\"https:\/\/www.partyservice-puttkammer.de\/images\/stories\/leer-space2.png\" alt=\"\">Tomaten, Gurken, Radiccio, Peperoni, Oliven und Feta<br>&#8211; Ananaskautsalat<br>&#8211; K\u00e4seplatte mit verschiedenen Sorten<br><img decoding=\"async\" src=\"https:\/\/www.partyservice-puttkammer.de\/images\/stories\/leer-space2.png\" alt=\"\">Brot und Butter<\/p>\n\n\n\n<div style=\"height:35px\" aria-hidden=\"true\" class=\"wp-block-spacer\"><\/div>\n\n\n\n<p><strong>Buffet Gro\u00dfensee<\/strong><br><\/p>\n\n\n\n<p><strong>warm:<\/strong>\u00a0Helgol\u00e4nder Krebsrahmsuppe mit Garnelen<br><\/p>\n\n\n\n<p><strong>kalt:<\/strong>\u00a0R\u00e4ucherlachs, Forellenfilets mit Sahnemeerrettich und Preiselbeeren<br>&#8211; Pfannkuchen gef\u00fcllt mit Blattspinat, Lachs und Garnelen<br><img decoding=\"async\" src=\"https:\/\/www.partyservice-puttkammer.de\/images\/stories\/leer-space2.png\" alt=\"\">dazu Knoblauch-Dip<br>&#8211; Gef\u00fcllte Poulardenr\u00f6llchen mit Gem\u00fcsesalat,<br><img decoding=\"async\" src=\"https:\/\/www.partyservice-puttkammer.de\/images\/stories\/leer-space2.png\" alt=\"\">Roastbeef mit Stangenspargel und R\u00f6stzwiebeln<br>&#8211; Feiner Fischsalat mit Garnelen<br>&#8211; Gemischter, frischer Salat mit Dressing und gebratenen<br><img decoding=\"async\" src=\"https:\/\/www.partyservice-puttkammer.de\/images\/stories\/leer-space2.png\" alt=\"\">Putenstreifen<br>&#8211; K\u00e4seplatte mit verschiedenen Sorten<br>&#8211; Brotauswahl und Butter<\/p>\n\n\n\n<div style=\"height:35px\" aria-hidden=\"true\" class=\"wp-block-spacer\"><\/div>\n\n\n\n<p><strong>Buffet Elb-Chaussee<\/strong><\/p>\n\n\n\n<p><br><strong>warm:<\/strong>\u00a0Stroganow vom Rind, Kartoffelgratin, Lachsfilet mit fischer Dillso\u00dfe, Gem\u00fcsereis<br><\/p>\n\n\n\n<p><strong>kalt:<\/strong>\u00a0B\u00fcsumer Krabbensalat, gemischter R\u00e4ucherfisch, Entenbrust mit Camberlainso\u00dfe, Roastbeef mit Remoulade, Paprikasalat, verschiedene Blattsalate mit Joghurt-Dressing, K\u00e4seplatte mit Trauben, Brot und Butter<br><strong>Nachtisch<br><\/strong>Schokolasagne<\/p>\n\n\n\n<div style=\"height:34px\" aria-hidden=\"true\" class=\"wp-block-spacer\"><\/div>\n\n\n\n<p><strong>Kalt-warm Buffet-Gourmet<\/strong><\/p>\n\n\n\n<p><br><strong>warm:<\/strong>\u00a0Filetspitzen Stroganoff mit pikantem Reis<br><\/p>\n\n\n\n<p><strong>kalt:<\/strong>\u00a0R\u00e4ucherlachs, Forellenfilets, Garnelen in Knoblauchsauce,<br>R\u00e4ucheraal, kleine gef\u00fcllte Pfannkuchen mit Kr\u00e4utercreme<br>und Lachsstreifen, Meerrettich und Senf-Dill-Sauce<br>&#8211; Schweinemedaillons mit Preiselbeeren auf Mangoscheiben,<br><img decoding=\"async\" src=\"https:\/\/www.partyservice-puttkammer.de\/images\/stories\/leer-space2.png\" alt=\"\">umlegt mit Frischk\u00e4se auf Tomatenscheiben<br>&#8211; Roastbeef, rosa gebraten, mit Spargelspitzen<br>&#8211; Putenbrust ger\u00e4uchert<br>&#8211; Gefl\u00fcgelsalat<br>&#8211; Fischsalat mit Shrimps und Forelle<br>&#8211; K\u00e4seplatte Brot und Butter<br>&#8211; Rote Gr\u00fctze mit Vanillesauce<\/p>\n\n\n\n<div style=\"height:36px\" aria-hidden=\"true\" class=\"wp-block-spacer\"><\/div>\n\n\n\n<p><strong>Das Top-Buffet<\/strong><\/p>\n\n\n\n<p><br><strong>warm:<\/strong>\u00a0Rinderfilet mit Bl\u00e4tterteig, frischen Champignons, Pfifferlingen, Schalotten, Speck, feinen Kr\u00e4utern, Kartoffelgratin<br><strong><br>kalt:<\/strong>\u00a0Lachs ger\u00e4uchert, Aal an Kr\u00e4uterr\u00fchrei, Forellenfilets, Graved-Lachsr\u00f6llchen, Garnelen in italienisch-mariniertem Gem\u00fcse mit einem Hauch von Knoblauch<br>&#8211; Edle Lachsterrine mit frischem Dill umlegt mit<br><img decoding=\"async\" src=\"https:\/\/www.partyservice-puttkammer.de\/images\/stories\/leer-space2.png\" alt=\"\">\u00a0Broccolir\u00f6schen<br>&#8211; Gef\u00fcllte Poulardenbr\u00fcstchen \u201eFlorentiner Art\u201c<br>&#8211; Schweinelendchen eingerahmt mit gratinierten<br><img decoding=\"async\" src=\"https:\/\/www.partyservice-puttkammer.de\/images\/stories\/leer-space2.png\" alt=\"\">Kartoffelr\u00f6stis mit einer fruchtigen Sauce<br>&#8211; Exotischer Reissalat<br>&#8211; Italienischer Nudelsalat<br>&#8211; Feine K\u00e4sespezialit\u00e4ten<br>&#8211; Brotkorb und Butter<br>&#8211; Dessert Ihrer Wahl<\/p>\n\n\n\n<div style=\"height:36px\" aria-hidden=\"true\" class=\"wp-block-spacer\"><\/div>\n\n\n\n<p><strong>Buffet Amalfi<\/strong><\/p>\n\n\n\n<p><br><strong>warm:<\/strong>\u00a0Kohlauflauf mit Gem\u00fcse und Hack vom Schwein<br>Kleine Putensteaks \u00e0 la \u201eCarbonara\u201d auf Bandnudeln, \u00fcberbacken<br><strong>kalt:\u00a0<\/strong>Gebratene Zucchini (gelb und gr\u00fcn) eingelegt in Balsamico-Knoblauchdressing<br>&#8211; Mozzarella auf Tomate mit Basilikum<br>&#8211; Lachsfrikadellen auf Wirsing- und Tomatenp\u00fcree<br>&#8211; Gebratene H\u00e4hnchenstreifen an Rucola mit Parmesan<br>&#8211; Brot und Butter<\/p>\n\n\n\n<div style=\"height:35px\" aria-hidden=\"true\" class=\"wp-block-spacer\"><\/div>\n\n\n\n<p><strong>Hochzeits Buffet<\/strong><\/p>\n\n\n\n<p><strong>warm:<\/strong><br>&#8211; Pute Carbonara mit gr\u00fcnen Bandnudeln<br>&#8211; Schweinefilet \u00fcberbacken mit Gem\u00fcse<br>&#8211; Rindermedallions mit frischen Champions, Pfifferlingen<br>\u00a0 und Bl\u00e4tterteig<br>&#8211; Kartoffelgratin und Sp\u00e4tzle<br>&#8211; Kaisergem\u00fcse mit So\u00dfe Hollandaise<br><strong>kalt:<\/strong><br>&#8211; Garnelen in Knobi<br>&#8211; Rucculla mit Mozzarellakugeln und Parmesan<br>&#8211; Nudelsalat mit getrockneten Tomaten und Pinienkerne<br>&#8211; Lachs mit Spiegelei und frischem Merrettich<br>&#8211; Forelle mit Kr\u00e4uter-R\u00fchrei<br>&#8211; Roastbeef mit Remoulade und Spargel<br>&#8211; Schafsk\u00e4se eingerollt in gegrillte Auberginen<br>&#8211; Zucchini und gebratene Paprika<br>&#8211; Champions mit Rosmarin<br>&#8211; K\u00e4se mit Trauben und Ananas<br>&#8211; Tomate Mozzarella mit Oliven<br>&#8211; Mousse au Chocolat mit Vanilleso\u00dfe<br>&#8211; Brotauswahl und Butter<\/p>\n\n\n\n<div style=\"height:35px\" aria-hidden=\"true\" class=\"wp-block-spacer\"><\/div>\n\n\n\n<p><strong>Buffet Hamburger Schnack<\/strong><\/p>\n\n\n\n<p>Salat | Cherrytomaten | Mozzarella Perlen | Basilikum-Pesto<br>Allerlei Fisch aus der R\u00e4ucherkammer | Sahnemeerrettich<br>Husumer Roastbeef &#8211; rosa &#8211; kalt | Remoulade<br>Mini-Frikadelle | Jalapenos | Scharfer Dip<br>Sylter Brot von den Back Geschwistern | Butter | Dip<br><br>Krustenbraten vom Spannferkel | Zwiebel-Dunkelbierjus | Kartoffelkl\u00f6\u00dfe<br>Hamburger Pannfisch | Dijon-Senf-Sauce<br>Landh\u00e4hnchenbrust | Junger Spinat im Rahm<br>Vierl\u00e4nder Gem\u00fcsevariation | Gebackene Drillingskartoffel<br>Gratinierter Schafsk\u00e4se | Arrabiata<br>Buntes Dessertbuffet<\/p>\n\n\n\n<div style=\"height:36px\" aria-hidden=\"true\" class=\"wp-block-spacer\"><\/div>\n\n\n\n<p><strong>Buffet zum alten Strom<\/strong><\/p>\n\n\n\n<p>Vitello tonnato | Kapern\u00e4pfel<br>B\u00fcffelmozzarella | Strauchtomate | Basilikum-Pesto<br>ger\u00e4ucherter Landschinken |CantaLoupe-Melone | Parmesansp\u00e4ne<br>R\u00e4ucherfischhappen | Honig-Senf-Dillsauce<br>Caesar Salad | Croutons<br>hausgemachte Antipasti<br>Ciabatta von den Back Geschwistern | Landbutter<br><br>Kalbsr\u00fccken | Kr\u00e4uterjus<br>Maispoulardenbrust | schwarze Oliven | bunte Paprika<br>porchiertes Dorschfilet | Riesengarnelen | Blattspinat | Wei\u00dfweinsauce<br>gebackener Schafsk\u00e4se | mediterranes Tomatenragout<br>Kartoffelgratin | Gnocchi<br>Raffinierte K\u00e4sevariation | Feigensenf | Trauben<br>Petit Fours<\/p>\n\n\n\n<div style=\"height:34px\" aria-hidden=\"true\" class=\"wp-block-spacer\"><\/div>\n\n\n\n<p><strong>Stralsunder Buffet<\/strong><\/p>\n\n\n\n<p>Honigmelone | Landrauchschinken<br>R\u00e4ucherfisch Happen | Sahnemeerrettich<br>Kichererbsen Salat | Minze &amp; Linsen<br>knackige Gartensalat | Balsamico Dressing<br>Raffinierte K\u00e4seauswahl<br>Steinofen Baguette<br><br>gebratenes H\u00e4hnchenbrustfilet | mediterranes Pfannen Gem\u00fcse<br>Ostsee Dorsch | Rahmenspinat<br>Wildreis | Heide Kartoffeln<br><br>Stracciatella Mousse | Beeren<br>Hamburger Rote Gr\u00fctze | Vanillesauce<\/p>\n\n\n\n<p><br><\/p>\n\n\n\n<p><strong>Zur n\u00e4here Inormationen und Preise bitte kontaktieren Sie uns .<\/strong><\/p>\n<\/div><\/div>\n\n\n\n<div style=\"height:100px\" aria-hidden=\"true\" class=\"wp-block-spacer\"><\/div>\n<\/div>\n<\/div>\n","protected":false},"excerpt":{"rendered":"<p>Schnitzel Buffet &#8211; Schweineschnitzel paniert&#8211; H\u00e4hnchenschnitzel paniert&#8211; Putenschnitzel natur&#8211; Erbsen und M\u00f6hren&#8211; Broccoli&#8211; Bratkartoffeln&#8211; Kartoffelgratin&#8211; Balkan So\u00dfe&#8211; Championso\u00dfe&#8211; Hollandaise Schlemmer-Buffet kalt &#8211; Bratenkasseler,Schweinebraten, Lachsschinken, Remoulade&#8211; Rauchlachs, Forellenfilets, Matjesfilets mit\u00a0ZwiebelringenSahnemeerrettich, Senf-Sahne-Sauce&#8211; Pikanter NudelsalatInternationale K\u00e4sespezialit\u00e4ten mit Fr\u00fcchten garniert&#8211; Brot und Butter Buffet Klein und Fein warm:-Schweinefilet mit Broccoli und K\u00e4se \u00fcberbacken kalt:-Feine Poularde gef\u00fcllt mit Blattspinat-Fischplatte mit [&hellip;]<\/p>\n","protected":false},"author":1,"featured_media":0,"parent":0,"menu_order":0,"comment_status":"closed","ping_status":"closed","template":"","meta":{"footnotes":""},"class_list":["post-476","page","type-page","status-publish","hentry"],"_links":{"self":[{"href":"https:\/\/pnevent.de\/index.php?rest_route=\/wp\/v2\/pages\/476"}],"collection":[{"href":"https:\/\/pnevent.de\/index.php?rest_route=\/wp\/v2\/pages"}],"about":[{"href":"https:\/\/pnevent.de\/index.php?rest_route=\/wp\/v2\/types\/page"}],"author":[{"embeddable":true,"href":"https:\/\/pnevent.de\/index.php?rest_route=\/wp\/v2\/users\/1"}],"replies":[{"embeddable":true,"href":"https:\/\/pnevent.de\/index.php?rest_route=%2Fwp%2Fv2%2Fcomments&post=476"}],"version-history":[{"count":0,"href":"https:\/\/pnevent.de\/index.php?rest_route=\/wp\/v2\/pages\/476\/revisions"}],"wp:attachment":[{"href":"https:\/\/pnevent.de\/index.php?rest_route=%2Fwp%2Fv2%2Fmedia&parent=476"}],"curies":[{"name":"wp","href":"https:\/\/api.w.org\/{rel}","templated":true}]}}