{"id":17,"date":"2019-08-12T13:46:22","date_gmt":"2019-08-12T13:46:22","guid":{"rendered":"http:\/\/pnevent.de\/?page_id=17"},"modified":"2024-09-25T13:58:11","modified_gmt":"2024-09-25T13:58:11","slug":"kontakt","status":"publish","type":"page","link":"https:\/\/pnevent.de\/?page_id=17","title":{"rendered":"Kontakt"},"content":{"rendered":"\n<p>Morteza Feshareki<\/p>\n\n\n\n<p>Wandsbeker Chaussee 123<\/p>\n\n\n\n<p>22089 Hamburg<\/p>\n\n\n\n<p>Telefon: 0172 7018100<\/p>\n\n\n\n<p>E-Mail: m.feshareki@pnevent.de<\/p>\n\n\n\n<p><strong>B\u00fcro Besucher nur mit vorherige Anmeldung<\/strong><\/p>\n\n\n\n<p>Bitte vereinbaren Sie mit uns einen individuellen Termin f\u00fcr&nbsp;Ihren Besuch, damit&nbsp;wir uns gen\u00fcgend Zeit&nbsp;f\u00fcr Sie nehmen k\u00f6nnen.<\/p>\n","protected":false},"excerpt":{"rendered":"<p>Morteza Feshareki Wandsbeker Chaussee 123 22089 Hamburg Telefon: 0172 7018100 E-Mail: m.feshareki@pnevent.de B\u00fcro Besucher nur mit vorherige Anmeldung Bitte vereinbaren Sie mit uns einen individuellen Termin f\u00fcr&nbsp;Ihren Besuch, damit&nbsp;wir uns gen\u00fcgend Zeit&nbsp;f\u00fcr Sie nehmen k\u00f6nnen.<\/p>\n","protected":false},"author":1,"featured_media":0,"parent":0,"menu_order":2,"comment_status":"closed","ping_status":"closed","template":"","meta":{"footnotes":""},"class_list":["post-17","page","type-page","status-publish","hentry"],"_links":{"self":[{"href":"https:\/\/pnevent.de\/index.php?rest_route=\/wp\/v2\/pages\/17"}],"collection":[{"href":"https:\/\/pnevent.de\/index.php?rest_route=\/wp\/v2\/pages"}],"about":[{"href":"https:\/\/pnevent.de\/index.php?rest_route=\/wp\/v2\/types\/page"}],"author":[{"embeddable":true,"href":"https:\/\/pnevent.de\/index.php?rest_route=\/wp\/v2\/users\/1"}],"replies":[{"embeddable":true,"href":"https:\/\/pnevent.de\/index.php?rest_route=%2Fwp%2Fv2%2Fcomments&post=17"}],"version-history":[{"count":0,"href":"https:\/\/pnevent.de\/index.php?rest_route=\/wp\/v2\/pages\/17\/revisions"}],"wp:attachment":[{"href":"https:\/\/pnevent.de\/index.php?rest_route=%2Fwp%2Fv2%2Fmedia&parent=17"}],"curies":[{"name":"wp","href":"https:\/\/api.w.org\/{rel}","templated":true}]}}